{"id":30,"date":"2020-03-17T09:34:51","date_gmt":"2020-03-17T09:34:51","guid":{"rendered":"http:\/\/stadtratsberichte.de\/?page_id=30"},"modified":"2020-03-17T10:10:40","modified_gmt":"2020-03-17T10:10:40","slug":"was-sind-die-stadtratsberichte","status":"publish","type":"page","link":"https:\/\/stadtratsberichte.de\/?page_id=30","title":{"rendered":"Was sind die Stadtratsberichte?"},"content":{"rendered":"\n<p>Der Stadtrat ist das zentrale Gremium f\u00fcr die Stadtpolitik in M\u00fcnchen. Hier wird entschieden, was in M\u00fcnchen passiert. Erstaunlicherweise ist es jedoch gar nicht so einfach, fortlaufend verst\u00e4ndlich aufbereitete Informationen dar\u00fcber zu finden, was dort diskutiert und beschlossen wird. Versuchen Sie einmal, sich ein Bild davon zu machen, welche kommunalpolitischen Fragestellungen in der vergangenen Woche im Stadtrat bzw. in seinen Aussch\u00fcssen diskutiert worden sind und was die wesentlichen Argumente f\u00fcr oder gegen die getroffenen Beschl\u00fcsse gewesen sind. Es wird Ihnen bestenfalls zum Teil gelingen. Anders als \u00fcber Bundes- und Landespolitik, wo wir st\u00e4ndig von Nachrichten, Kommentierungen und dem \u00f6ffentlichen Meinungsaustausch der Beteiligten geradezu \u00fcbersch\u00fcttet werden, ist die Informationslage zu Debatten und Entscheidungen im M\u00fcnchner Stadtrat eher d\u00fcnn.<\/p>\n\n\n\n<p>Sicher, die lokale Presse berichtet immer wieder, aber eben nur ausschnittsweise. Auf den Seiten der Lokalteile konkurrieren Artikel \u00fcber die Arbeit des Stadtrats mit Schlagzeilen aus dem Polizeibericht, Nachrichten der lokalen Sportvereine, Restaurantkritiken und vielem anderen. H\u00e4ufig zieht die kommunalpolitische Berichterstattung buchst\u00e4blich den K\u00fcrzeren und wird auf Meldungen mit wenigen Zeilen reduziert. Nichts anderes gilt f\u00fcr Funk und Fernsehen. Auf \u201eMuenchen.de\u201c kann man zwar Aufzeichnungen von Vollversammlungen des Stadtrats ansehen. Allerdings finden solche gemeinsamen Sitzungen aller Stadtr\u00e4te eher selten statt und dienen typischerweise nur als Schlusspunkt von intensiven Debatten, die zuvor ma\u00dfgeblich in den Aussch\u00fcssen des Stadtrats gef\u00fchrt worden sind.<\/p>\n\n\n\n<p>Das ist keine Medienkritik, denn in einer Gro\u00dfstadt wie M\u00fcnchen gibt es jeden Tag eine Vielzahl berichtenswerter Ereignisse und jede (Lokal-) Zeitung und jeder Sender hat \u2013 bei begrenzten wirtschaftlichen Ressourcen \u2013 naturgem\u00e4\u00df einen weitergehenden Ansatz, als Antr\u00e4ge, Diskussionen und Beschl\u00fcsse des Stadtrates zu berichten und zu kommentieren. Im Ergebnis bleibt es daher aber bei dem oben genannten handfesten Informationsdefizit. <\/p>\n\n\n\n<p>Als jemand, der seit \u00fcber zwanzig\nJahren in M\u00fcnchen wohnt und gerne tiefere Einblicke in die Kommunalpolitik\nseiner Stadt gewinnen m\u00f6chte, bin ich auf dieses Problem gesto\u00dfen. Die\n\u201eStadtratsberichte\u201c sind mein Versuch, die Sache in die eigenen H\u00e4nde zu\nnehmen. Losgel\u00f6st von wirtschaftlichen Zw\u00e4ngen und ohne jede Gewinnerzielungsabsicht\nwird daher auf diesen Seiten \u00fcber die \u00f6ffentlichen Sitzungen des Stadtrats und\nseiner Aussch\u00fcsse berichtet. Objektivit\u00e4t ist dabei nicht das oberste Ziel. Im\nGegenteil, es handelt sich um ein \u201ekommunalpolitisches Tagebuch\u201c, d.h. um meine\nganz subjektiven Aufzeichnungen und Anmerkungen zu den im Stadtrat diskutierten\nThemen.<\/p>\n\n\n\n<p>Anders ausgedr\u00fcckt ist dies eine Art individueller Reisebericht. Nur geht die Fahrt nicht in ferne L\u00e4nder, sondern dringt \u2013 so hoffe ich \u2013 immer weiter in die Tiefen der Kommunalpolitik M\u00fcnchens vor. Die Grundhaltung des Reisenden ist dabei von Respekt und Wohlwollen den handelnden Personen gegen\u00fcber gepr\u00e4gt. Wer f\u00fcr unsere Stadt viel Zeit und Kraft investiert, sei es als ehrenamtlicher Stadtrat oder Mitarbeiter der Verwaltung, hat diese Wertsch\u00e4tzung zun\u00e4chst einmal verdient, (fast) unabh\u00e4ngig von der politischen Ausrichtung. Allerdings wird mich das nicht davon abhalten, Argumente und Entscheidungen nicht nur zusammenzufassen, sondern auch kritisch zu pr\u00fcfen und aus meiner Sicht zu beleuchten. Genauso wie in einem Reisetagebuch positive und negative Eindr\u00fccke verarbeitet werden.<\/p>\n\n\n\n<p>Immer am Ende einer Sitzungswoche finden sich auf diesen Seiten neue Stadtratsberichte zu den Sitzungen der Aussch\u00fcsse und gegebenenfalls der Vollversammlung des Stadtrats der vergangenen Tage. Damit entsteht im Laufe der Zeit auch eine Art &#8222;Archiv&#8220;, in dem man l\u00e4ngerfristige politische Debatten nachvollziehen kann. Allerdings sind auch meine Ressourcen begrenzt, sodass es nicht zu jeder \u00f6ffentlichen Sitzung und zu jedem Thema einen Stadtratsbericht geben wird. Dennoch hoffe ich, dass Sie, die Leser dieser Seiten, dadurch \u00fcber die Jahre zusammen mit mir einen immer besseren Einblick in die Kommunalpolitik in unserer Stadt M\u00fcnchen bekommen werden.<\/p>\n\n\n\n<p>Ihr Stadtratsberichterstatter<\/p>\n","protected":false},"excerpt":{"rendered":"<p>Der Stadtrat ist das zentrale Gremium f\u00fcr die Stadtpolitik in M\u00fcnchen. Hier wird entschieden, was in M\u00fcnchen passiert. Erstaunlicherweise ist es jedoch gar nicht so einfach, fortlaufend verst\u00e4ndlich aufbereitete Informationen dar\u00fcber zu finden, was dort diskutiert und beschlossen wird. Versuchen Sie einmal, sich ein Bild davon zu machen, welche kommunalpolitischen Fragestellungen in der vergangenen Woche &hellip; <\/p>\n<p class=\"link-more\"><a href=\"https:\/\/stadtratsberichte.de\/?page_id=30\" class=\"more-link\"><span class=\"screen-reader-text\">\u201eWas sind die Stadtratsberichte?\u201c <\/span>weiterlesen<\/a><\/p>\n","protected":false},"author":1,"featured_media":0,"parent":0,"menu_order":0,"comment_status":"closed","ping_status":"closed","template":"","meta":{"footnotes":""},"class_list":["post-30","page","type-page","status-publish","hentry"],"_links":{"self":[{"href":"https:\/\/stadtratsberichte.de\/index.php?rest_route=\/wp\/v2\/pages\/30","targetHints":{"allow":["GET"]}}],"collection":[{"href":"https:\/\/stadtratsberichte.de\/index.php?rest_route=\/wp\/v2\/pages"}],"about":[{"href":"https:\/\/stadtratsberichte.de\/index.php?rest_route=\/wp\/v2\/types\/page"}],"author":[{"embeddable":true,"href":"https:\/\/stadtratsberichte.de\/index.php?rest_route=\/wp\/v2\/users\/1"}],"replies":[{"embeddable":true,"href":"https:\/\/stadtratsberichte.de\/index.php?rest_route=%2Fwp%2Fv2%2Fcomments&post=30"}],"version-history":[{"count":4,"href":"https:\/\/stadtratsberichte.de\/index.php?rest_route=\/wp\/v2\/pages\/30\/revisions"}],"predecessor-version":[{"id":135,"href":"https:\/\/stadtratsberichte.de\/index.php?rest_route=\/wp\/v2\/pages\/30\/revisions\/135"}],"wp:attachment":[{"href":"https:\/\/stadtratsberichte.de\/index.php?rest_route=%2Fwp%2Fv2%2Fmedia&parent=30"}],"curies":[{"name":"wp","href":"https:\/\/api.w.org\/{rel}","templated":true}]}}